{"id":1414,"date":"2015-12-22T05:53:29","date_gmt":"2015-12-22T03:53:29","guid":{"rendered":"https:\/\/www.kdhukuk.com\/de\/?page_id=1414"},"modified":"2016-03-30T16:33:21","modified_gmt":"2016-03-30T13:33:21","slug":"uber-uns","status":"publish","type":"page","link":"https:\/\/www.kdhukuk.com\/de\/uber-uns\/","title":{"rendered":"\u00dcBER UNS"},"content":{"rendered":"<p style=\"text-align: justify;\">K&amp;D Anwaltskanzlei ist eine Kanzlei mit Rundum-Service in Istanbul, T\u00fcrkei und sieht es als ihren Auftrag professionelle, dynamische und vertrauensw\u00fcrdige Rechtsdienstleistungen, einschlie\u00dflich der Beratungst\u00e4tigkeit und F\u00fchrung von Zivilprozessen, anzubieten.<\/p>\n<p style=\"text-align: justify;\">Seitdem die K&amp;D Anwaltskanzlei gegr\u00fcndet wurde, hat sie optimale Dienstleistungen f\u00fcr weltweit bekannte Unternehmen aus der Technologie-, Automobil Service- und Industriebranche in allen Rechtsgebieten erbracht. Besonders hervorzuheben sind Dienste, die es erm\u00f6glichen Leistungen wie die Firmengr\u00fcndung, Immobilientransaktion, Verm\u00f6gensberatung, Markenzeichen und Patente, Informationstechnologie (IT) und Vertragsgestaltung in Deutsch, Englisch und T\u00fcrkisch durchzuf\u00fchren. Neben diesen weltweit bekannten einheimischen und ausl\u00e4ndischen Clienten bieten wir unsere Dienstleistungen auch an kleinere und mittelst\u00e4ndische Unternehmen, sowie an Privatpersonen an.<\/p>\n","protected":false},"excerpt":{"rendered":"<p>K&amp;D Anwaltskanzlei ist eine Kanzlei mit Rundum-Service in Istanbul, T\u00fcrkei und sieht es als ihren Auftrag professionelle, dynamische und vertrauensw\u00fcrdige Rechtsdienstleistungen, einschlie\u00dflich der Beratungst\u00e4tigkeit und F\u00fchrung von Zivilprozessen, anzubieten. Seitdem die K&amp;D Anwaltskanzlei gegr\u00fcndet wurde, hat sie optimale Dienstleistungen f\u00fcr weltweit bekannte Unternehmen aus der Technologie-, Automobil Service- und Industriebranche in allen Rechtsgebieten erbracht. Besonders [&hellip;]<\/p>\n","protected":false},"author":1,"featured_media":0,"parent":0,"menu_order":0,"comment_status":"closed","ping_status":"closed","template":"","meta":{"footnotes":""},"class_list":["post-1414","page","type-page","status-publish","hentry"],"aioseo_notices":[],"_links":{"self":[{"href":"https:\/\/www.kdhukuk.com\/de\/wp-json\/wp\/v2\/pages\/1414","targetHints":{"allow":["GET"]}}],"collection":[{"href":"https:\/\/www.kdhukuk.com\/de\/wp-json\/wp\/v2\/pages"}],"about":[{"href":"https:\/\/www.kdhukuk.com\/de\/wp-json\/wp\/v2\/types\/page"}],"author":[{"embeddable":true,"href":"https:\/\/www.kdhukuk.com\/de\/wp-json\/wp\/v2\/users\/1"}],"replies":[{"embeddable":true,"href":"https:\/\/www.kdhukuk.com\/de\/wp-json\/wp\/v2\/comments?post=1414"}],"version-history":[{"count":0,"href":"https:\/\/www.kdhukuk.com\/de\/wp-json\/wp\/v2\/pages\/1414\/revisions"}],"wp:attachment":[{"href":"https:\/\/www.kdhukuk.com\/de\/wp-json\/wp\/v2\/media?parent=1414"}],"curies":[{"name":"wp","href":"https:\/\/api.w.org\/{rel}","templated":true}]}}