{"id":1410,"date":"2015-12-22T05:51:36","date_gmt":"2015-12-22T03:51:36","guid":{"rendered":"https:\/\/www.kdhukuk.com\/de\/?page_id=1410"},"modified":"2016-05-03T02:07:37","modified_gmt":"2016-05-02T23:07:37","slug":"banking-und-finanzwesen","status":"publish","type":"page","link":"https:\/\/www.kdhukuk.com\/de\/banking-und-finanzwesen\/","title":{"rendered":"Banking und Finanzwesen"},"content":{"rendered":"<h1 style=\"text-align: justify;\">Rechtsanwalt f\u00fcr Banking &amp; Finanzwesen<\/h1>\n<p style=\"text-align: justify;\">K&amp;D Anwaltskanzlei in Istanbul, T\u00fcrkei und ihre erfahrenen Rechtsanw\u00e4lte f\u00fcr Strafrecht bietet rechtliche Beratung um die beste L\u00f6sung zu finden.<\/p>\n<p style=\"text-align: justify;\">&#8211; Abwicklung von Hypotheken, B\u00fcrgschaften, Darlehen, Leasing, Finanzierungen etc.<\/p>\n<p style=\"text-align: justify;\">&#8211; Analyse undBeratung, Vertragsgestaltung von Banken und Finanzinstituten<\/p>\n<p style=\"text-align: justify;\">&#8211; Forderungseinziehung, -eintreibung u.a. von Banken und Finanzinstituten<\/p>\n","protected":false},"excerpt":{"rendered":"<p>Rechtsanwalt f\u00fcr Banking &amp; Finanzwesen K&amp;D Anwaltskanzlei in Istanbul, T\u00fcrkei und ihre erfahrenen Rechtsanw\u00e4lte f\u00fcr Strafrecht bietet rechtliche Beratung um die beste L\u00f6sung zu finden. &#8211; Abwicklung von Hypotheken, B\u00fcrgschaften, Darlehen, Leasing, Finanzierungen etc. &#8211; Analyse undBeratung, Vertragsgestaltung von Banken und Finanzinstituten &#8211; Forderungseinziehung, -eintreibung u.a. von Banken und Finanzinstituten<\/p>\n","protected":false},"author":1,"featured_media":0,"parent":0,"menu_order":0,"comment_status":"closed","ping_status":"closed","template":"","meta":{"footnotes":""},"class_list":["post-1410","page","type-page","status-publish","hentry"],"aioseo_notices":[],"_links":{"self":[{"href":"https:\/\/www.kdhukuk.com\/de\/wp-json\/wp\/v2\/pages\/1410","targetHints":{"allow":["GET"]}}],"collection":[{"href":"https:\/\/www.kdhukuk.com\/de\/wp-json\/wp\/v2\/pages"}],"about":[{"href":"https:\/\/www.kdhukuk.com\/de\/wp-json\/wp\/v2\/types\/page"}],"author":[{"embeddable":true,"href":"https:\/\/www.kdhukuk.com\/de\/wp-json\/wp\/v2\/users\/1"}],"replies":[{"embeddable":true,"href":"https:\/\/www.kdhukuk.com\/de\/wp-json\/wp\/v2\/comments?post=1410"}],"version-history":[{"count":0,"href":"https:\/\/www.kdhukuk.com\/de\/wp-json\/wp\/v2\/pages\/1410\/revisions"}],"wp:attachment":[{"href":"https:\/\/www.kdhukuk.com\/de\/wp-json\/wp\/v2\/media?parent=1410"}],"curies":[{"name":"wp","href":"https:\/\/api.w.org\/{rel}","templated":true}]}}