{"id":1408,"date":"2015-12-22T05:50:41","date_gmt":"2015-12-22T03:50:41","guid":{"rendered":"https:\/\/www.kdhukuk.com\/de\/?page_id=1408"},"modified":"2016-05-03T02:10:51","modified_gmt":"2016-05-02T23:10:51","slug":"it-recht","status":"publish","type":"page","link":"https:\/\/www.kdhukuk.com\/de\/it-recht\/","title":{"rendered":"IT-Recht"},"content":{"rendered":"<h2>IT-Recht<\/h2>\n<p style=\"text-align: justify;\">K&amp;D Anwaltskanzlei in Istanbul, T\u00fcrkei und ihre erfahrenen Rechtsanw\u00e4lte f\u00fcr IT Recht bietet rechtliche Beratung um die beste L\u00f6sung zu finden. K&amp;D Anwaltskanzlei bietet aufgrund ihrer besonderen Erfahrung rechtliche Beratung und Betreuung im Bereich des IT-Rechts einschlie\u00dflich Urheberrechte, Tonaufnahme- und Eintragungsrechte, E-Commerce etc.<\/p>\n<p style=\"text-align: justify;\">&#8211; Sicherung der Urheberrechte und Rechte des k\u00fcnstlerischen Schaffens und an Originalwerke im Bereich des Immaterialg\u00fcterrechts<\/p>\n<p style=\"text-align: justify;\">&#8211; Beratung von Hosting-Service-Provider und Schutz ihrer Existenz und Rechte gegen Verletzungen<\/p>\n<p style=\"text-align: justify;\">&#8211; Rechtliche Beratung im Bereich E-Commerce und Fernabsatzvertr\u00e4ge<\/p>\n<p style=\"text-align: justify;\">&#8211; Rechtliche Beratung bei Applikationen, die f\u00fcr IOS oder Android Betriebssysteme entwickelt wurden<\/p>\n<p style=\"text-align: justify;\">&#8211; Registrierung und Aufnahme der Markenzeichen und Urheberrechte<\/p>\n","protected":false},"excerpt":{"rendered":"<p>IT-Recht K&amp;D Anwaltskanzlei in Istanbul, T\u00fcrkei und ihre erfahrenen Rechtsanw\u00e4lte f\u00fcr IT Recht bietet rechtliche Beratung um die beste L\u00f6sung zu finden. K&amp;D Anwaltskanzlei bietet aufgrund ihrer besonderen Erfahrung rechtliche Beratung und Betreuung im Bereich des IT-Rechts einschlie\u00dflich Urheberrechte, Tonaufnahme- und Eintragungsrechte, E-Commerce etc. &#8211; Sicherung der Urheberrechte und Rechte des k\u00fcnstlerischen Schaffens und an [&hellip;]<\/p>\n","protected":false},"author":1,"featured_media":0,"parent":0,"menu_order":0,"comment_status":"closed","ping_status":"closed","template":"","meta":{"footnotes":""},"class_list":["post-1408","page","type-page","status-publish","hentry"],"aioseo_notices":[],"_links":{"self":[{"href":"https:\/\/www.kdhukuk.com\/de\/wp-json\/wp\/v2\/pages\/1408","targetHints":{"allow":["GET"]}}],"collection":[{"href":"https:\/\/www.kdhukuk.com\/de\/wp-json\/wp\/v2\/pages"}],"about":[{"href":"https:\/\/www.kdhukuk.com\/de\/wp-json\/wp\/v2\/types\/page"}],"author":[{"embeddable":true,"href":"https:\/\/www.kdhukuk.com\/de\/wp-json\/wp\/v2\/users\/1"}],"replies":[{"embeddable":true,"href":"https:\/\/www.kdhukuk.com\/de\/wp-json\/wp\/v2\/comments?post=1408"}],"version-history":[{"count":0,"href":"https:\/\/www.kdhukuk.com\/de\/wp-json\/wp\/v2\/pages\/1408\/revisions"}],"wp:attachment":[{"href":"https:\/\/www.kdhukuk.com\/de\/wp-json\/wp\/v2\/media?parent=1408"}],"curies":[{"name":"wp","href":"https:\/\/api.w.org\/{rel}","templated":true}]}}