{"id":1406,"date":"2015-12-22T05:49:51","date_gmt":"2015-12-22T03:49:51","guid":{"rendered":"https:\/\/www.kdhukuk.com\/de\/?page_id=1406"},"modified":"2016-03-25T09:20:02","modified_gmt":"2016-03-25T07:20:02","slug":"scheidungsrecht","status":"publish","type":"page","link":"https:\/\/www.kdhukuk.com\/de\/scheidungsrecht\/","title":{"rendered":"Scheidungsrecht"},"content":{"rendered":"<h1>Scheidungsanwalt<\/h1>\n<p style=\"text-align: justify;\">K&#038;D Anwaltskanzlei in Istanbul, T\u00fcrkei und ihre erfahrenen Rechtsanw\u00e4lte f\u00fcr Scheidungsrecht bietet rechtliche Beratung um die beste L\u00f6sung zu finden. K&#038;D Anwaltskanzlei bietet aufgrund ihrer besonderen Erfahrung rechtliche Beratung und Betreuung bei Scheitern der Ehe und w\u00e4hrend des Scheidungsprozesses.<\/p>\n<p style=\"text-align: justify;\">&#8211; Er\u00f6ffnung einer einvernehmlichen Scheidungsklage und Erstellung der notwendigen Dokumenten zwischen den Eheleuten<\/p>\n<p style=\"text-align: justify;\">&#8211; Er\u00f6ffnung und Erstellung des Protokolls f\u00fcr eine Klage aus berechtigten Gr\u00fcnden wie z.B. das Scheitern der Ehe, h\u00e4usliche Gewalt, Betrug, Verlassen etc.<\/p>\n<p style=\"text-align: justify;\">&#8211; Trennung des nach der Ehe erworbenen Eigentums im Bereich des ehelichen G\u00fcterrechts<\/p>\n<p style=\"text-align: justify;\">&#8211; Rechtliche Betreuung bei Sorgerecht, Sicherheitsma\u00dfnahmen gegen h\u00e4usliche Gewalt, zus\u00e4tzliche Sozialhilfeleistungen einschlie\u00dflich Geldentsch\u00e4digung und Sachleistungen<\/p>\n<p style=\"text-align: justify;\">&#8211; Anerkennung und Geltendmachung des Ehevertrags oder Scheidungsbeschluss<\/p>\n","protected":false},"excerpt":{"rendered":"<p>Scheidungsanwalt K&#038;D Anwaltskanzlei in Istanbul, T\u00fcrkei und ihre erfahrenen Rechtsanw\u00e4lte f\u00fcr Scheidungsrecht bietet rechtliche Beratung um die beste L\u00f6sung zu finden. K&#038;D Anwaltskanzlei bietet aufgrund ihrer besonderen Erfahrung rechtliche Beratung und Betreuung bei Scheitern der Ehe und w\u00e4hrend des Scheidungsprozesses. &#8211; Er\u00f6ffnung einer einvernehmlichen Scheidungsklage und Erstellung der notwendigen Dokumenten zwischen den Eheleuten &#8211; Er\u00f6ffnung [&hellip;]<\/p>\n","protected":false},"author":1,"featured_media":0,"parent":0,"menu_order":0,"comment_status":"closed","ping_status":"closed","template":"","meta":{"footnotes":""},"class_list":["post-1406","page","type-page","status-publish","hentry"],"aioseo_notices":[],"_links":{"self":[{"href":"https:\/\/www.kdhukuk.com\/de\/wp-json\/wp\/v2\/pages\/1406","targetHints":{"allow":["GET"]}}],"collection":[{"href":"https:\/\/www.kdhukuk.com\/de\/wp-json\/wp\/v2\/pages"}],"about":[{"href":"https:\/\/www.kdhukuk.com\/de\/wp-json\/wp\/v2\/types\/page"}],"author":[{"embeddable":true,"href":"https:\/\/www.kdhukuk.com\/de\/wp-json\/wp\/v2\/users\/1"}],"replies":[{"embeddable":true,"href":"https:\/\/www.kdhukuk.com\/de\/wp-json\/wp\/v2\/comments?post=1406"}],"version-history":[{"count":0,"href":"https:\/\/www.kdhukuk.com\/de\/wp-json\/wp\/v2\/pages\/1406\/revisions"}],"wp:attachment":[{"href":"https:\/\/www.kdhukuk.com\/de\/wp-json\/wp\/v2\/media?parent=1406"}],"curies":[{"name":"wp","href":"https:\/\/api.w.org\/{rel}","templated":true}]}}