{"id":1404,"date":"2015-12-22T05:48:42","date_gmt":"2015-12-22T03:48:42","guid":{"rendered":"https:\/\/www.kdhukuk.com\/de\/?page_id=1404"},"modified":"2016-03-25T09:20:10","modified_gmt":"2016-03-25T07:20:10","slug":"strafrecht","status":"publish","type":"page","link":"https:\/\/www.kdhukuk.com\/de\/strafrecht\/","title":{"rendered":"Strafrecht"},"content":{"rendered":"<h1>Rechtsanwalt f\u00fcr Strafrecht<\/h1>\n<p style=\"text-align: justify;\">K&#038;D Anwaltskanzlei in Istanbul, T\u00fcrkei und ihre erfahrenen Rechtsanw\u00e4lte f\u00fcr Strafrecht bietet rechtliche Beratung um die beste L\u00f6sung zu finden. K&#038;D Anwaltskanzlei bietet aufgrund ihrer besonderen Erfahrung im t\u00fcrkischen Strafrecht rechtliche Beratung und Betreuung f\u00fcr Verd\u00e4chtige, Beschuldigte, Opfer und Beigeladene Personen w\u00e4hrend der Strafverfolgung sowie w\u00e4hrend des Gerichtsprozesses einschlie\u00dflich der Befragungen auf dem Polizeirevier.<\/p>\n<p style=\"text-align: justify;\">&#8211; Straftaten gegen das Leben: Mord, Totschlag, fahrl\u00e4ssige T\u00f6tung<\/p>\n<p style=\"text-align: justify;\">&#8211; Straftaten gegen die k\u00f6rperliche Unversehrtheit: vors\u00e4tzliche K\u00f6perverletzung, fahrl\u00e4ssige K\u00f6rperverletzung<\/p>\n<p style=\"text-align: justify;\">&#8211; Sexualdelikte: sexuelle N\u00f6tigung\/Vergewaltigung, sexuelle Bel\u00e4stigung, sexueller Missbrauch<\/p>\n<p style=\"text-align: justify;\">&#8211; Straftaten gegen die Freiheit: Bedrohung, Erpressung, Freiheitsberaubung, Hausfriedensbruch<\/p>\n<p style=\"text-align: justify;\">Straftaten gegen die Ehre: Beleidigung, Verleumdung<\/p>\n<p style=\"text-align: justify;\">Verletzung des pers\u00f6nlichen Lebens- und Geheimbereichs: Recht der Privatssph\u00e4re, Verletzung des pers\u00f6nlichen Geheimbereichs<\/p>\n<p style=\"text-align: justify;\">&#8211; Straftaten gegen das Eigentum: Diebstahl, Raub, Sachbesch\u00e4digung, Betrug, Untreue<\/p>\n<p style=\"text-align: justify;\">&#8211; Urkundenf\u00e4lschung: Geldf\u00e4lschung, Urkundenf\u00e4lschung<\/p>\n<p style=\"text-align: justify;\">&#8211; Straftaten gegen die \u00f6ffentliche Moral: Prostitution, Pornographie, Gl\u00fccksspiel<\/p>\n<p style=\"text-align: justify;\">&#8211; InternationaleStraftaten: Menschenhandel, Schmuggel<\/p>\n","protected":false},"excerpt":{"rendered":"<p>Rechtsanwalt f\u00fcr Strafrecht K&#038;D Anwaltskanzlei in Istanbul, T\u00fcrkei und ihre erfahrenen Rechtsanw\u00e4lte f\u00fcr Strafrecht bietet rechtliche Beratung um die beste L\u00f6sung zu finden. K&#038;D Anwaltskanzlei bietet aufgrund ihrer besonderen Erfahrung im t\u00fcrkischen Strafrecht rechtliche Beratung und Betreuung f\u00fcr Verd\u00e4chtige, Beschuldigte, Opfer und Beigeladene Personen w\u00e4hrend der Strafverfolgung sowie w\u00e4hrend des Gerichtsprozesses einschlie\u00dflich der Befragungen auf [&hellip;]<\/p>\n","protected":false},"author":1,"featured_media":0,"parent":0,"menu_order":0,"comment_status":"closed","ping_status":"closed","template":"","meta":{"footnotes":""},"class_list":["post-1404","page","type-page","status-publish","hentry"],"aioseo_notices":[],"_links":{"self":[{"href":"https:\/\/www.kdhukuk.com\/de\/wp-json\/wp\/v2\/pages\/1404","targetHints":{"allow":["GET"]}}],"collection":[{"href":"https:\/\/www.kdhukuk.com\/de\/wp-json\/wp\/v2\/pages"}],"about":[{"href":"https:\/\/www.kdhukuk.com\/de\/wp-json\/wp\/v2\/types\/page"}],"author":[{"embeddable":true,"href":"https:\/\/www.kdhukuk.com\/de\/wp-json\/wp\/v2\/users\/1"}],"replies":[{"embeddable":true,"href":"https:\/\/www.kdhukuk.com\/de\/wp-json\/wp\/v2\/comments?post=1404"}],"version-history":[{"count":0,"href":"https:\/\/www.kdhukuk.com\/de\/wp-json\/wp\/v2\/pages\/1404\/revisions"}],"wp:attachment":[{"href":"https:\/\/www.kdhukuk.com\/de\/wp-json\/wp\/v2\/media?parent=1404"}],"curies":[{"name":"wp","href":"https:\/\/api.w.org\/{rel}","templated":true}]}}