{"id":1402,"date":"2015-12-22T05:47:45","date_gmt":"2015-12-22T03:47:45","guid":{"rendered":"https:\/\/www.kdhukuk.com\/de\/?page_id=1402"},"modified":"2016-05-03T02:06:57","modified_gmt":"2016-05-02T23:06:57","slug":"arbeitserlaubnis-und-aufenthaltsgenehmigung","status":"publish","type":"page","link":"https:\/\/www.kdhukuk.com\/de\/arbeitserlaubnis-und-aufenthaltsgenehmigung\/","title":{"rendered":"Arbeitserlaubnis und Aufenthaltsgenehmigung"},"content":{"rendered":"<h1>Arbeitserlaubnis und Aufenthaltsgenehmigung<\/h1>\n<p style=\"text-align: justify;\">K&amp;D Anwaltskanzlei in Istanbul, T\u00fcrkei und ihre erfahrenen Rechtsanw\u00e4lte f\u00fcr Arbeitserlaubnis &amp; Aufenthaltsgenehmigung bietet rechtliche Beratung um die beste L\u00f6sung zu finden. K&amp;D Anwaltskanzlei bietet aufgrund ihrer besonderen Erfahrung rechtliche Beratung und Betreuung f\u00fcr Ausl\u00e4nder, die in der T\u00fcrkei eine Arbeitserlaubnis und Aufenthaltsgenehmigung ben\u00f6tigen.<\/p>\n","protected":false},"excerpt":{"rendered":"<p>Arbeitserlaubnis und Aufenthaltsgenehmigung K&amp;D Anwaltskanzlei in Istanbul, T\u00fcrkei und ihre erfahrenen Rechtsanw\u00e4lte f\u00fcr Arbeitserlaubnis &amp; Aufenthaltsgenehmigung bietet rechtliche Beratung um die beste L\u00f6sung zu finden. K&amp;D Anwaltskanzlei bietet aufgrund ihrer besonderen Erfahrung rechtliche Beratung und Betreuung f\u00fcr Ausl\u00e4nder, die in der T\u00fcrkei eine Arbeitserlaubnis und Aufenthaltsgenehmigung ben\u00f6tigen.<\/p>\n","protected":false},"author":1,"featured_media":0,"parent":0,"menu_order":0,"comment_status":"closed","ping_status":"closed","template":"","meta":{"footnotes":""},"class_list":["post-1402","page","type-page","status-publish","hentry"],"aioseo_notices":[],"_links":{"self":[{"href":"https:\/\/www.kdhukuk.com\/de\/wp-json\/wp\/v2\/pages\/1402","targetHints":{"allow":["GET"]}}],"collection":[{"href":"https:\/\/www.kdhukuk.com\/de\/wp-json\/wp\/v2\/pages"}],"about":[{"href":"https:\/\/www.kdhukuk.com\/de\/wp-json\/wp\/v2\/types\/page"}],"author":[{"embeddable":true,"href":"https:\/\/www.kdhukuk.com\/de\/wp-json\/wp\/v2\/users\/1"}],"replies":[{"embeddable":true,"href":"https:\/\/www.kdhukuk.com\/de\/wp-json\/wp\/v2\/comments?post=1402"}],"version-history":[{"count":0,"href":"https:\/\/www.kdhukuk.com\/de\/wp-json\/wp\/v2\/pages\/1402\/revisions"}],"wp:attachment":[{"href":"https:\/\/www.kdhukuk.com\/de\/wp-json\/wp\/v2\/media?parent=1402"}],"curies":[{"name":"wp","href":"https:\/\/api.w.org\/{rel}","templated":true}]}}