{"id":1400,"date":"2015-12-22T05:46:50","date_gmt":"2015-12-22T03:46:50","guid":{"rendered":"https:\/\/www.kdhukuk.com\/de\/?page_id=1400"},"modified":"2016-03-25T09:20:28","modified_gmt":"2016-03-25T07:20:28","slug":"immaterialgueterrecht","status":"publish","type":"page","link":"https:\/\/www.kdhukuk.com\/de\/immaterialgueterrecht\/","title":{"rendered":"Immaterialg\u00fcterrecht"},"content":{"rendered":"<h1>Rechtsanwalt f\u00fcr Immaterialg\u00fcterrecht<\/h1>\n<p style=\"text-align: justify;\">K&#038;D Anwaltskanzlei in Istanbul, T\u00fcrkei und ihre erfahrenen Rechtsanw\u00e4lte f\u00fcr Immaterialg\u00fcterrecht bietet rechtliche Beratung um die beste L\u00f6sung zu finden. K&#038;D Anwaltskanzlei bietet aufgrund ihrer besonderen Erfahrung rechtliche Beratung und Betreuung ihrer Clienten, die\u00fcber geistigesEigentum wie k\u00fcnstlerisches Schaffen, Design, Muster, Software, Anwendungen f\u00fcr Smartphones verf\u00fcgen und unterst\u00fctzt diese bei der Eintragung einer Schutzmarke oder Patent.<\/p>\n<p style=\"text-align: justify;\">&#8211; Eintragung und Sicherung des geistigen Eigentums von Software, Design, Applikationen f\u00fcr Smartphones, Geschmacks- und Gebrauchsmuster<\/p>\n<p style=\"text-align: justify;\">&#8211; Straf- und zivilrechtliche Betreuung im Falle einer Urheberrechtsverletzung, einschlie\u00dflich Schadensersatzforderungen in Form von Geld- und Sachleistungen<\/p>\n<p style=\"text-align: justify;\">&#8211; Sicherung von Gesch\u00e4ftsgeheimnissen und Verh\u00e4ngung von Sanktionen im Falle einer Verletzung<\/p>\n","protected":false},"excerpt":{"rendered":"<p>Rechtsanwalt f\u00fcr Immaterialg\u00fcterrecht K&#038;D Anwaltskanzlei in Istanbul, T\u00fcrkei und ihre erfahrenen Rechtsanw\u00e4lte f\u00fcr Immaterialg\u00fcterrecht bietet rechtliche Beratung um die beste L\u00f6sung zu finden. K&#038;D Anwaltskanzlei bietet aufgrund ihrer besonderen Erfahrung rechtliche Beratung und Betreuung ihrer Clienten, die\u00fcber geistigesEigentum wie k\u00fcnstlerisches Schaffen, Design, Muster, Software, Anwendungen f\u00fcr Smartphones verf\u00fcgen und unterst\u00fctzt diese bei der Eintragung einer [&hellip;]<\/p>\n","protected":false},"author":1,"featured_media":0,"parent":0,"menu_order":0,"comment_status":"closed","ping_status":"closed","template":"","meta":{"footnotes":""},"class_list":["post-1400","page","type-page","status-publish","hentry"],"aioseo_notices":[],"_links":{"self":[{"href":"https:\/\/www.kdhukuk.com\/de\/wp-json\/wp\/v2\/pages\/1400","targetHints":{"allow":["GET"]}}],"collection":[{"href":"https:\/\/www.kdhukuk.com\/de\/wp-json\/wp\/v2\/pages"}],"about":[{"href":"https:\/\/www.kdhukuk.com\/de\/wp-json\/wp\/v2\/types\/page"}],"author":[{"embeddable":true,"href":"https:\/\/www.kdhukuk.com\/de\/wp-json\/wp\/v2\/users\/1"}],"replies":[{"embeddable":true,"href":"https:\/\/www.kdhukuk.com\/de\/wp-json\/wp\/v2\/comments?post=1400"}],"version-history":[{"count":0,"href":"https:\/\/www.kdhukuk.com\/de\/wp-json\/wp\/v2\/pages\/1400\/revisions"}],"wp:attachment":[{"href":"https:\/\/www.kdhukuk.com\/de\/wp-json\/wp\/v2\/media?parent=1400"}],"curies":[{"name":"wp","href":"https:\/\/api.w.org\/{rel}","templated":true}]}}