{"id":1398,"date":"2015-12-22T05:45:16","date_gmt":"2015-12-22T03:45:16","guid":{"rendered":"https:\/\/www.kdhukuk.com\/de\/?page_id=1398"},"modified":"2016-03-25T09:20:36","modified_gmt":"2016-03-25T07:20:36","slug":"grundstuecks-immobilienrecht","status":"publish","type":"page","link":"https:\/\/www.kdhukuk.com\/de\/grundstuecks-immobilienrecht\/","title":{"rendered":"Grundst\u00fccks- und Immobilienrecht"},"content":{"rendered":"<h1>Rechtsanwalt f\u00fcr Grundst\u00fccks &#038; Immobilienrecht<\/h1>\n<p style=\"text-align: justify;\">K&#038;D Anwaltskanzlei in Istanbul, T\u00fcrkei und ihre erfahrenen Rechtsanw\u00e4lte f\u00fcr Grundst\u00fccks und Immobilienrecht bietet rechtliche Beratung um die beste L\u00f6sung zu finden. K&#038;D Anwaltskanzlei bietet aufgrund ihrer besonderen Erfahrung rechtliche Beratung und Betreuung bei der Abwicklung von Eigentums- und Besitzdokumenten, Aufteilung und Zusammenlegung von Grundst\u00fccken, Abwicklung bei \u00dcbertragungsrechte an Grundst\u00fccken, Pachtvertr\u00e4ge.<\/p>\n<p style=\"text-align: justify;\">&#8211; Aufteilung des Eigentums und Abwicklung des Verkaufs im Falle eines Rechtsstreits zwischen Miteigent\u00fcmern<\/p>\n<p style=\"text-align: justify;\">&#8211; R\u00fcckabwicklung einer Eigentumseintragung im Falle einer unrechtm\u00e4\u00dfigen Abwicklung bei der Vertretung durch eine Dritte Person<\/p>\n<p style=\"text-align: justify;\">&#8211; Kauf- und Verkaufsabwicklung von Grundst\u00fccken und Abwicklung von \u00dcbertragungsrechte an Grundst\u00fccken<\/p>\n<p style=\"text-align: justify;\">&#8211; Begr\u00fcndung und Aufhebung eines Grundpfandrechts, Zwangsversteigerung<\/p>\n<p style=\"text-align: justify;\">&#8211; Erstellung eines Pachtvertrags und Zwangsr\u00e4umung<\/p>\n<p style=\"text-align: justify;\">&#8211; Eigentums- und Besitzabwicklung f\u00fcr Ausl\u00e4nder<\/p>\n","protected":false},"excerpt":{"rendered":"<p>Rechtsanwalt f\u00fcr Grundst\u00fccks &#038; Immobilienrecht K&#038;D Anwaltskanzlei in Istanbul, T\u00fcrkei und ihre erfahrenen Rechtsanw\u00e4lte f\u00fcr Grundst\u00fccks und Immobilienrecht bietet rechtliche Beratung um die beste L\u00f6sung zu finden. K&#038;D Anwaltskanzlei bietet aufgrund ihrer besonderen Erfahrung rechtliche Beratung und Betreuung bei der Abwicklung von Eigentums- und Besitzdokumenten, Aufteilung und Zusammenlegung von Grundst\u00fccken, Abwicklung bei \u00dcbertragungsrechte an Grundst\u00fccken, [&hellip;]<\/p>\n","protected":false},"author":1,"featured_media":0,"parent":0,"menu_order":0,"comment_status":"closed","ping_status":"closed","template":"","meta":{"footnotes":""},"class_list":["post-1398","page","type-page","status-publish","hentry"],"aioseo_notices":[],"_links":{"self":[{"href":"https:\/\/www.kdhukuk.com\/de\/wp-json\/wp\/v2\/pages\/1398","targetHints":{"allow":["GET"]}}],"collection":[{"href":"https:\/\/www.kdhukuk.com\/de\/wp-json\/wp\/v2\/pages"}],"about":[{"href":"https:\/\/www.kdhukuk.com\/de\/wp-json\/wp\/v2\/types\/page"}],"author":[{"embeddable":true,"href":"https:\/\/www.kdhukuk.com\/de\/wp-json\/wp\/v2\/users\/1"}],"replies":[{"embeddable":true,"href":"https:\/\/www.kdhukuk.com\/de\/wp-json\/wp\/v2\/comments?post=1398"}],"version-history":[{"count":0,"href":"https:\/\/www.kdhukuk.com\/de\/wp-json\/wp\/v2\/pages\/1398\/revisions"}],"wp:attachment":[{"href":"https:\/\/www.kdhukuk.com\/de\/wp-json\/wp\/v2\/media?parent=1398"}],"curies":[{"name":"wp","href":"https:\/\/api.w.org\/{rel}","templated":true}]}}