{"id":1396,"date":"2015-12-22T05:44:03","date_gmt":"2015-12-22T03:44:03","guid":{"rendered":"https:\/\/www.kdhukuk.com\/de\/?page_id=1396"},"modified":"2016-03-25T09:20:44","modified_gmt":"2016-03-25T07:20:44","slug":"verwaltungsrecht","status":"publish","type":"page","link":"https:\/\/www.kdhukuk.com\/de\/verwaltungsrecht\/","title":{"rendered":"Verwaltungsrecht"},"content":{"rendered":"<h1>Rechtsanwalt f\u00fcr Verwaltungsrecht<\/h1>\n<p style=\"text-align: justify;\">K&#038;D Anwaltskanzlei in Istanbul, T\u00fcrkei und ihre erfahrenen Rechtsanw\u00e4lte f\u00fcr Verwaltungsrecht bietet rechtliche Beratung um die beste L\u00f6sung zu finden. K&#038;D Anwaltskanzlei ber\u00e4t und betreut ihre Clienten durch ihre langj\u00e4hrige Erfahrung bei allen \u00f6ffentlich-rechtlichen Vertr\u00e4gen oder Streitigkeiten, die durch Beh\u00f6rden begangen werden, wie z.B. Bu\u00dfgeldbescheide, Verwaltungsakte und Schadensersatzforderungen.<\/p>\n<p style=\"text-align: justify;\">&#8211; Beschwerde gegen Verwaltungsakte und Entscheidungen<\/p>\n<p style=\"text-align: justify;\">&#8211; Klageerhebung gegen Verwaltungsgerichtsentscheidungen<\/p>\n<p style=\"text-align: justify;\">&#8211; Klageh\u00e4ufung, bei mehreren Klagebegehren<\/p>\n<p style=\"text-align: justify;\">&#8211; Enteignung<\/p>\n<p style=\"text-align: justify;\">&#8211; Schlichtungsverfahren<\/p>\n","protected":false},"excerpt":{"rendered":"<p>Rechtsanwalt f\u00fcr Verwaltungsrecht K&#038;D Anwaltskanzlei in Istanbul, T\u00fcrkei und ihre erfahrenen Rechtsanw\u00e4lte f\u00fcr Verwaltungsrecht bietet rechtliche Beratung um die beste L\u00f6sung zu finden. K&#038;D Anwaltskanzlei ber\u00e4t und betreut ihre Clienten durch ihre langj\u00e4hrige Erfahrung bei allen \u00f6ffentlich-rechtlichen Vertr\u00e4gen oder Streitigkeiten, die durch Beh\u00f6rden begangen werden, wie z.B. Bu\u00dfgeldbescheide, Verwaltungsakte und Schadensersatzforderungen. &#8211; Beschwerde gegen Verwaltungsakte [&hellip;]<\/p>\n","protected":false},"author":1,"featured_media":0,"parent":0,"menu_order":0,"comment_status":"closed","ping_status":"closed","template":"","meta":{"footnotes":""},"class_list":["post-1396","page","type-page","status-publish","hentry"],"aioseo_notices":[],"_links":{"self":[{"href":"https:\/\/www.kdhukuk.com\/de\/wp-json\/wp\/v2\/pages\/1396","targetHints":{"allow":["GET"]}}],"collection":[{"href":"https:\/\/www.kdhukuk.com\/de\/wp-json\/wp\/v2\/pages"}],"about":[{"href":"https:\/\/www.kdhukuk.com\/de\/wp-json\/wp\/v2\/types\/page"}],"author":[{"embeddable":true,"href":"https:\/\/www.kdhukuk.com\/de\/wp-json\/wp\/v2\/users\/1"}],"replies":[{"embeddable":true,"href":"https:\/\/www.kdhukuk.com\/de\/wp-json\/wp\/v2\/comments?post=1396"}],"version-history":[{"count":0,"href":"https:\/\/www.kdhukuk.com\/de\/wp-json\/wp\/v2\/pages\/1396\/revisions"}],"wp:attachment":[{"href":"https:\/\/www.kdhukuk.com\/de\/wp-json\/wp\/v2\/media?parent=1396"}],"curies":[{"name":"wp","href":"https:\/\/api.w.org\/{rel}","templated":true}]}}