{"id":1394,"date":"2015-12-22T05:42:35","date_gmt":"2015-12-22T03:42:35","guid":{"rendered":"https:\/\/www.kdhukuk.com\/de\/?page_id=1394"},"modified":"2016-03-25T09:20:52","modified_gmt":"2016-03-25T07:20:52","slug":"zwangsvollstreckung-konkursrecht","status":"publish","type":"page","link":"https:\/\/www.kdhukuk.com\/de\/zwangsvollstreckung-konkursrecht\/","title":{"rendered":"Zwangsvollstreckung und Konkursrecht"},"content":{"rendered":"<h1>Rechtsanwalt f\u00fcr Zwangsvollstreckung &#038; Konkursrecht<\/h1>\n<p style=\"text-align: justify;\">K&#038;D Anwaltskanzlei in Istanbul, T\u00fcrkei und ihre erfahrenen Rechtsanw\u00e4lte f\u00fcr Zwangsvollstreckung und Konkursrecht bietet rechtliche Beratung um die beste L\u00f6sung zu finden. K&#038;D Anwaltskanzlei bietet aufgrund ihrer besonderen Erfahrung rechtliche Beratung und Betreuung beim Schuldenverfahren und bei der Einziehung von Forderungen<\/p>\n<p style=\"text-align: justify;\">&#8211; Einziehung von Forderungen durch erzielte Einigung mit dem Schuldner<\/p>\n<p style=\"text-align: justify;\">&#8211; Kontaktaufnahme mit den Vollstreckungsbeh\u00f6rden im Falle einer Nicht-Einigung<\/p>\n<p style=\"text-align: justify;\">&#8211; Gerichtliches Vollstreckungsverfahren bei schriftlich festgehaltenenen Schulden, Auswertung aller Verm\u00f6genswerte des Schuldners, Verpf\u00e4ndung der Verm\u00f6genspositionen, Ver\u00e4u\u00dferung des Verm\u00f6gens des Schuldners und schlie\u00dflich die Einziehung von Forderungen<\/p>\n<p style=\"text-align: justify;\">&#8211; Aufnahme von nichtgerichtlichen Vollstreckungsma\u00dfnahmen f\u00fcr nicht belegte Schulden, Darlehensnachweis<\/p>\n<p style=\"text-align: justify;\">&#8211; Zwangsvollstreckung bei Hypotheken und Pfandgut<\/p>\n<p style=\"text-align: justify;\">&#8211; Konkursantrag gegen Schuldner mit dem Ziel des Forderungseinzugs<\/p>\n<p style=\"text-align: justify;\">&#8211; Aufnahme des Verfahrens bei Finanzierungsvereinbarungen, Darlehensvertr\u00e4ge, Pachtvertr\u00e4ge<\/p>\n","protected":false},"excerpt":{"rendered":"<p>Rechtsanwalt f\u00fcr Zwangsvollstreckung &#038; Konkursrecht K&#038;D Anwaltskanzlei in Istanbul, T\u00fcrkei und ihre erfahrenen Rechtsanw\u00e4lte f\u00fcr Zwangsvollstreckung und Konkursrecht bietet rechtliche Beratung um die beste L\u00f6sung zu finden. K&#038;D Anwaltskanzlei bietet aufgrund ihrer besonderen Erfahrung rechtliche Beratung und Betreuung beim Schuldenverfahren und bei der Einziehung von Forderungen &#8211; Einziehung von Forderungen durch erzielte Einigung mit dem [&hellip;]<\/p>\n","protected":false},"author":1,"featured_media":0,"parent":0,"menu_order":0,"comment_status":"closed","ping_status":"closed","template":"","meta":{"footnotes":""},"class_list":["post-1394","page","type-page","status-publish","hentry"],"aioseo_notices":[],"_links":{"self":[{"href":"https:\/\/www.kdhukuk.com\/de\/wp-json\/wp\/v2\/pages\/1394","targetHints":{"allow":["GET"]}}],"collection":[{"href":"https:\/\/www.kdhukuk.com\/de\/wp-json\/wp\/v2\/pages"}],"about":[{"href":"https:\/\/www.kdhukuk.com\/de\/wp-json\/wp\/v2\/types\/page"}],"author":[{"embeddable":true,"href":"https:\/\/www.kdhukuk.com\/de\/wp-json\/wp\/v2\/users\/1"}],"replies":[{"embeddable":true,"href":"https:\/\/www.kdhukuk.com\/de\/wp-json\/wp\/v2\/comments?post=1394"}],"version-history":[{"count":0,"href":"https:\/\/www.kdhukuk.com\/de\/wp-json\/wp\/v2\/pages\/1394\/revisions"}],"wp:attachment":[{"href":"https:\/\/www.kdhukuk.com\/de\/wp-json\/wp\/v2\/media?parent=1394"}],"curies":[{"name":"wp","href":"https:\/\/api.w.org\/{rel}","templated":true}]}}