{"id":1391,"date":"2015-12-22T05:40:31","date_gmt":"2015-12-22T03:40:31","guid":{"rendered":"https:\/\/www.kdhukuk.com\/de\/?page_id=1391"},"modified":"2016-05-03T02:05:31","modified_gmt":"2016-05-02T23:05:31","slug":"arbeits-und-sozialversicherungsrecht","status":"publish","type":"page","link":"https:\/\/www.kdhukuk.com\/de\/arbeits-und-sozialversicherungsrecht\/","title":{"rendered":"Arbeits- und Sozialversicherungsrecht"},"content":{"rendered":"<h1>Rechtsanwalt f\u00fcr Arbeitserlaubnis &#038; Aufenthaltsgenehmigung<\/h1>\n<p style=\"text-align: justify;\">K&#038;D Anwaltskanzlei in Istanbul, T\u00fcrkei und ihre erfahrenen Rechtsanw\u00e4lte f\u00fcr Arbeitserlaubnis &#038; Aufenthaltsgenehmigung bietet rechtliche Beratung um die beste L\u00f6sung zu finden. K&#038;D Anwaltskanzlei bietet aufgrund ihrer besonderen Erfahrung rechtliche Beratung und Betreuung f\u00fcr Ausl\u00e4nder, die in der T\u00fcrkei eine Arbeitserlaubnis und Aufenthaltsgenehmigung ben\u00f6tigen.<\/p>\n<p style=\"text-align: justify;\">&#8211; Schadensersatzforderung bei ungerechtfertigter Entlassung einschlie\u00dflich Abfindungszahlung, Zahlung bei Nichteinhaltung der K\u00fcndigungsfrist, \u00dcberstundenlohn, Zahlung f\u00fcr nicht genommenen Jahresurlaub, Urlaubsabgeltung<\/p>\n<p style=\"text-align: justify;\">&#8211; Einziehung von Lohn- und Gehaltsforderungen<\/p>\n<p style=\"text-align: justify;\">&#8211; Erzwingung des Arbeitgebers zur Bezahlung der vollen Versicherungspr\u00e4mie<\/p>\n<p style=\"text-align: justify;\">&#8211; Geltendmachung von Schadensersatz im Falle einer unerlaubten Handlung durch den Arbeitgeber (K\u00fcndigung wegen gewerkschaftlicher Organisation, Diskriminierung, Rassismus etc.)<\/p>\n<p style=\"text-align: justify;\">&#8211; Klage auf Wiedereinstellung<\/p>\n<p style=\"text-align: justify;\">&#8211; Geltendmachung des Schadensersatzes bei einem Arbeitsunfall<\/p>\n<p style=\"text-align: justify;\">&#8211; Erstellung des Arbeitsvertrags<\/p>\n<p style=\"text-align: justify;\">&#8211; Entsch\u00e4digunszahlung bei Nichteinhaltung der K\u00fcndigungsfrist durch den Arbeitnehmer<\/p>\n","protected":false},"excerpt":{"rendered":"<p>Rechtsanwalt f\u00fcr Arbeitserlaubnis &#038; Aufenthaltsgenehmigung K&#038;D Anwaltskanzlei in Istanbul, T\u00fcrkei und ihre erfahrenen Rechtsanw\u00e4lte f\u00fcr Arbeitserlaubnis &#038; Aufenthaltsgenehmigung bietet rechtliche Beratung um die beste L\u00f6sung zu finden. K&#038;D Anwaltskanzlei bietet aufgrund ihrer besonderen Erfahrung rechtliche Beratung und Betreuung f\u00fcr Ausl\u00e4nder, die in der T\u00fcrkei eine Arbeitserlaubnis und Aufenthaltsgenehmigung ben\u00f6tigen. &#8211; Schadensersatzforderung bei ungerechtfertigter Entlassung einschlie\u00dflich [&hellip;]<\/p>\n","protected":false},"author":1,"featured_media":0,"parent":0,"menu_order":0,"comment_status":"closed","ping_status":"closed","template":"","meta":{"footnotes":""},"class_list":["post-1391","page","type-page","status-publish","hentry"],"aioseo_notices":[],"_links":{"self":[{"href":"https:\/\/www.kdhukuk.com\/de\/wp-json\/wp\/v2\/pages\/1391","targetHints":{"allow":["GET"]}}],"collection":[{"href":"https:\/\/www.kdhukuk.com\/de\/wp-json\/wp\/v2\/pages"}],"about":[{"href":"https:\/\/www.kdhukuk.com\/de\/wp-json\/wp\/v2\/types\/page"}],"author":[{"embeddable":true,"href":"https:\/\/www.kdhukuk.com\/de\/wp-json\/wp\/v2\/users\/1"}],"replies":[{"embeddable":true,"href":"https:\/\/www.kdhukuk.com\/de\/wp-json\/wp\/v2\/comments?post=1391"}],"version-history":[{"count":0,"href":"https:\/\/www.kdhukuk.com\/de\/wp-json\/wp\/v2\/pages\/1391\/revisions"}],"wp:attachment":[{"href":"https:\/\/www.kdhukuk.com\/de\/wp-json\/wp\/v2\/media?parent=1391"}],"curies":[{"name":"wp","href":"https:\/\/api.w.org\/{rel}","templated":true}]}}