{"id":1386,"date":"2015-12-22T05:32:41","date_gmt":"2015-12-22T03:32:41","guid":{"rendered":"https:\/\/www.kdhukuk.com\/de\/?page_id=1386"},"modified":"2016-03-25T09:21:09","modified_gmt":"2016-03-25T07:21:09","slug":"mietrecht","status":"publish","type":"page","link":"https:\/\/www.kdhukuk.com\/de\/mietrecht\/","title":{"rendered":"Mietrecht"},"content":{"rendered":"<h1>Rechtsanwalt f\u00fcr Mietrecht &#038; Wohnungseigentumsrecht<\/h1>\n<p style=\"text-align: justify;\">K&#038;D Anwaltskanzlei in Istanbul, T\u00fcrkei und ihre erfahrenen Rechtsanw\u00e4lte f\u00fcr Mietrecht und Wohnungseigentumsrecht bietet rechtliche Beratung um die beste L\u00f6sung zu finden. K&#038;D Anwaltskanzlei bietet aufgrund ihrer besonderen Erfahrung im Bereich Miete rechtliche Beratung und Betreuung bei der Erstellung von Mietvertr\u00e4gen, Eintreibung von Mietschulden, Aufl\u00f6sung von Mietvertr\u00e4gen, Zwangsr\u00e4umung von Mietwohnungen.<\/p>\n","protected":false},"excerpt":{"rendered":"<p>Rechtsanwalt f\u00fcr Mietrecht &#038; Wohnungseigentumsrecht K&#038;D Anwaltskanzlei in Istanbul, T\u00fcrkei und ihre erfahrenen Rechtsanw\u00e4lte f\u00fcr Mietrecht und Wohnungseigentumsrecht bietet rechtliche Beratung um die beste L\u00f6sung zu finden. K&#038;D Anwaltskanzlei bietet aufgrund ihrer besonderen Erfahrung im Bereich Miete rechtliche Beratung und Betreuung bei der Erstellung von Mietvertr\u00e4gen, Eintreibung von Mietschulden, Aufl\u00f6sung von Mietvertr\u00e4gen, Zwangsr\u00e4umung von Mietwohnungen.<\/p>\n","protected":false},"author":1,"featured_media":0,"parent":0,"menu_order":0,"comment_status":"closed","ping_status":"closed","template":"","meta":{"footnotes":""},"class_list":["post-1386","page","type-page","status-publish","hentry"],"aioseo_notices":[],"_links":{"self":[{"href":"https:\/\/www.kdhukuk.com\/de\/wp-json\/wp\/v2\/pages\/1386","targetHints":{"allow":["GET"]}}],"collection":[{"href":"https:\/\/www.kdhukuk.com\/de\/wp-json\/wp\/v2\/pages"}],"about":[{"href":"https:\/\/www.kdhukuk.com\/de\/wp-json\/wp\/v2\/types\/page"}],"author":[{"embeddable":true,"href":"https:\/\/www.kdhukuk.com\/de\/wp-json\/wp\/v2\/users\/1"}],"replies":[{"embeddable":true,"href":"https:\/\/www.kdhukuk.com\/de\/wp-json\/wp\/v2\/comments?post=1386"}],"version-history":[{"count":0,"href":"https:\/\/www.kdhukuk.com\/de\/wp-json\/wp\/v2\/pages\/1386\/revisions"}],"wp:attachment":[{"href":"https:\/\/www.kdhukuk.com\/de\/wp-json\/wp\/v2\/media?parent=1386"}],"curies":[{"name":"wp","href":"https:\/\/api.w.org\/{rel}","templated":true}]}}