{"id":1384,"date":"2015-12-22T05:30:36","date_gmt":"2015-12-22T03:30:36","guid":{"rendered":"https:\/\/www.kdhukuk.com\/de\/?page_id=1384"},"modified":"2016-03-25T09:21:16","modified_gmt":"2016-03-25T07:21:16","slug":"erbrecht","status":"publish","type":"page","link":"https:\/\/www.kdhukuk.com\/de\/erbrecht\/","title":{"rendered":"Erbrecht"},"content":{"rendered":"<h1>Rechtsanwalt f\u00fcr Erbrecht<\/h1>\n<p style=\"text-align: justify;\">K&#038;D Anwaltskanzlei in Istanbul, T\u00fcrkei und ihre erfahrenen Rechtsanw\u00e4lte f\u00fcr Erbrecht bietet rechtliche Beratung um die beste L\u00f6sung zu finden. K&#038;D Anwaltskanzlei bietet aufgrund ihrer besonderen Erfahrung rechtliche Beratung und Betreuung im Bereich des Erbrechts einschlie\u00dflich Testamentserrichtung, Erstellung von Erbscheine, Aufteilung der Erbmassee unter den Erben<\/p>\n<p style=\"text-align: justify;\">&#8211; Testamentserrichtung, Widerruf oder Aufhebung eines Testaments<\/p>\n<p style=\"text-align: justify;\">&#8211; Einholung der Erbnachweise<\/p>\n<p style=\"text-align: justify;\">&#8211; Verm\u00f6gensbestimmung des Erblassers und Aufteilung der Verm\u00f6gensposten<\/p>\n<p style=\"text-align: justify;\">&#8211; Widerruf bei unrechtm\u00e4\u00dfigen Verf\u00fcgungen des Erblassers vor dessen Tode<\/p>\n<p style=\"text-align: justify;\">&#8211; Ausschlagung des Erbes bei Nachlassverbindlichkeiten<\/p>\n","protected":false},"excerpt":{"rendered":"<p>Rechtsanwalt f\u00fcr Erbrecht K&#038;D Anwaltskanzlei in Istanbul, T\u00fcrkei und ihre erfahrenen Rechtsanw\u00e4lte f\u00fcr Erbrecht bietet rechtliche Beratung um die beste L\u00f6sung zu finden. K&#038;D Anwaltskanzlei bietet aufgrund ihrer besonderen Erfahrung rechtliche Beratung und Betreuung im Bereich des Erbrechts einschlie\u00dflich Testamentserrichtung, Erstellung von Erbscheine, Aufteilung der Erbmassee unter den Erben &#8211; Testamentserrichtung, Widerruf oder Aufhebung eines [&hellip;]<\/p>\n","protected":false},"author":1,"featured_media":0,"parent":0,"menu_order":0,"comment_status":"closed","ping_status":"closed","template":"","meta":{"footnotes":""},"class_list":["post-1384","page","type-page","status-publish","hentry"],"aioseo_notices":[],"_links":{"self":[{"href":"https:\/\/www.kdhukuk.com\/de\/wp-json\/wp\/v2\/pages\/1384","targetHints":{"allow":["GET"]}}],"collection":[{"href":"https:\/\/www.kdhukuk.com\/de\/wp-json\/wp\/v2\/pages"}],"about":[{"href":"https:\/\/www.kdhukuk.com\/de\/wp-json\/wp\/v2\/types\/page"}],"author":[{"embeddable":true,"href":"https:\/\/www.kdhukuk.com\/de\/wp-json\/wp\/v2\/users\/1"}],"replies":[{"embeddable":true,"href":"https:\/\/www.kdhukuk.com\/de\/wp-json\/wp\/v2\/comments?post=1384"}],"version-history":[{"count":0,"href":"https:\/\/www.kdhukuk.com\/de\/wp-json\/wp\/v2\/pages\/1384\/revisions"}],"wp:attachment":[{"href":"https:\/\/www.kdhukuk.com\/de\/wp-json\/wp\/v2\/media?parent=1384"}],"curies":[{"name":"wp","href":"https:\/\/api.w.org\/{rel}","templated":true}]}}