{"id":1382,"date":"2015-12-22T05:29:16","date_gmt":"2015-12-22T03:29:16","guid":{"rendered":"https:\/\/www.kdhukuk.com\/de\/?page_id=1382"},"modified":"2016-03-25T09:21:24","modified_gmt":"2016-03-25T07:21:24","slug":"wettbewerbsrecht","status":"publish","type":"page","link":"https:\/\/www.kdhukuk.com\/de\/wettbewerbsrecht\/","title":{"rendered":"Wettbewerbsrecht"},"content":{"rendered":"<h1>Rechtsanwalt f\u00fcr Wettbewerbsrecht<\/h1>\n<p style=\"text-align: justify;\">K&#038;D Anwaltskanzlei in Istanbul, T\u00fcrkei und ihre erfahrenen Rechtsanw\u00e4lte f\u00fcr Wettbewerbsrecht bietet rechtliche Beratung um die beste L\u00f6sung zu finden. K&#038;D Anwaltskanzlei ber\u00e4t und betreut Sie aufgrund ihrer langj\u00e4hrigen Erfahrung auf dem Gebiet des Wettbewerbsrechts einschlie\u00dflich der Verifizierung von Unternehmungsaktivit\u00e4tenentsprechend den geltenden Wettbewerbsregeln, Geltendmachung von Schadensersatzanspr\u00fcchen im Falle einer Vertragsverletzung, im Kartellrecht und bei Antidumpting.<\/p>\n<p style=\"text-align: justify;\">&#8211; Analyse der Unternehmungsaktivit\u00e4ten in \u00dcbereinstimmung mit den geltenden Wettbewerbsregeln<\/p>\n<p style=\"text-align: justify;\">&#8211; Fusion und \u00dcbernahme<\/p>\n<p style=\"text-align: justify;\">&#8211; Schadensersatzforderungengegen\u00fcber den jeweiligen Firmen im Fall einer Wettbewerbsverletzung<\/p>\n<p style=\"text-align: justify;\">&#8211; Einspruch gegen Entscheidungen der T\u00fcrkischen Wettbewerbsbeh\u00f6rde<\/p>\n<p style=\"text-align: justify;\">&#8211; Regulierung von vertikalen und horizontalen Verflechtungen zwischen verschiedenen Tochtergesellschaften<\/p>\n","protected":false},"excerpt":{"rendered":"<p>Rechtsanwalt f\u00fcr Wettbewerbsrecht K&#038;D Anwaltskanzlei in Istanbul, T\u00fcrkei und ihre erfahrenen Rechtsanw\u00e4lte f\u00fcr Wettbewerbsrecht bietet rechtliche Beratung um die beste L\u00f6sung zu finden. K&#038;D Anwaltskanzlei ber\u00e4t und betreut Sie aufgrund ihrer langj\u00e4hrigen Erfahrung auf dem Gebiet des Wettbewerbsrechts einschlie\u00dflich der Verifizierung von Unternehmungsaktivit\u00e4tenentsprechend den geltenden Wettbewerbsregeln, Geltendmachung von Schadensersatzanspr\u00fcchen im Falle einer Vertragsverletzung, im Kartellrecht [&hellip;]<\/p>\n","protected":false},"author":1,"featured_media":0,"parent":0,"menu_order":0,"comment_status":"closed","ping_status":"closed","template":"","meta":{"footnotes":""},"class_list":["post-1382","page","type-page","status-publish","hentry"],"aioseo_notices":[],"_links":{"self":[{"href":"https:\/\/www.kdhukuk.com\/de\/wp-json\/wp\/v2\/pages\/1382","targetHints":{"allow":["GET"]}}],"collection":[{"href":"https:\/\/www.kdhukuk.com\/de\/wp-json\/wp\/v2\/pages"}],"about":[{"href":"https:\/\/www.kdhukuk.com\/de\/wp-json\/wp\/v2\/types\/page"}],"author":[{"embeddable":true,"href":"https:\/\/www.kdhukuk.com\/de\/wp-json\/wp\/v2\/users\/1"}],"replies":[{"embeddable":true,"href":"https:\/\/www.kdhukuk.com\/de\/wp-json\/wp\/v2\/comments?post=1382"}],"version-history":[{"count":0,"href":"https:\/\/www.kdhukuk.com\/de\/wp-json\/wp\/v2\/pages\/1382\/revisions"}],"wp:attachment":[{"href":"https:\/\/www.kdhukuk.com\/de\/wp-json\/wp\/v2\/media?parent=1382"}],"curies":[{"name":"wp","href":"https:\/\/api.w.org\/{rel}","templated":true}]}}