{"id":1380,"date":"2015-12-22T05:27:52","date_gmt":"2015-12-22T03:27:52","guid":{"rendered":"https:\/\/www.kdhukuk.com\/de\/?page_id=1380"},"modified":"2016-03-25T09:21:32","modified_gmt":"2016-03-25T07:21:32","slug":"versicherungsrecht","status":"publish","type":"page","link":"https:\/\/www.kdhukuk.com\/de\/versicherungsrecht\/","title":{"rendered":"Versicherungsrecht"},"content":{"rendered":"<h1>Rechtsanwalt f\u00fcr Versicherungsrecht<\/h1>\n<p style=\"text-align: justify;\">K&#038;D Anwaltskanzlei mit Sitz in Istanbul, T\u00fcrkei und ihre erfahrenen Rechtsanw\u00e4lte f\u00fcr Versicherungsrecht bietet rechtliche Beratung um die beste L\u00f6sung zu finden. K&#038;D Anwaltskanzlei bietet aufgrund ihrer besonderen Erfahrung rechtliche Beratung und Betreuung ihrer Clienten im Bereich des Versicherungsrechts einschlie\u00dflich Schadensersatzforderungen verursacht durch Verkehrsunf\u00e4lle oder anderweitige Sachsch\u00e4den, Rechtsstreitigkeiten bei Lebens-, Kranken- und Rentenversicherung.<\/p>\n<p style=\"text-align: justify;\">&#8211; Klagen bei Kfz-, Luftfahrt-, und Seeversicherung<\/p>\n<p style=\"text-align: justify;\">&#8211; Forderung von Geldentsch\u00e4digungen und Sachleistungen durch entstandene Verkehrsunf\u00e4lle<\/p>\n<p style=\"text-align: justify;\">&#8211; Geltendmachung von Schadensersatz und Forderungen im Bereich der Lebens-, Kranken- und Rentenversicherung<\/p>\n<p style=\"text-align: justify;\">&#8211; Nichtzahlung des Schadens verursacht durch Flut, Feuer, Erdbeben etc.<\/p>\n","protected":false},"excerpt":{"rendered":"<p>Rechtsanwalt f\u00fcr Versicherungsrecht K&#038;D Anwaltskanzlei mit Sitz in Istanbul, T\u00fcrkei und ihre erfahrenen Rechtsanw\u00e4lte f\u00fcr Versicherungsrecht bietet rechtliche Beratung um die beste L\u00f6sung zu finden. K&#038;D Anwaltskanzlei bietet aufgrund ihrer besonderen Erfahrung rechtliche Beratung und Betreuung ihrer Clienten im Bereich des Versicherungsrechts einschlie\u00dflich Schadensersatzforderungen verursacht durch Verkehrsunf\u00e4lle oder anderweitige Sachsch\u00e4den, Rechtsstreitigkeiten bei Lebens-, Kranken- und [&hellip;]<\/p>\n","protected":false},"author":1,"featured_media":0,"parent":0,"menu_order":0,"comment_status":"closed","ping_status":"closed","template":"","meta":{"footnotes":""},"class_list":["post-1380","page","type-page","status-publish","hentry"],"aioseo_notices":[],"_links":{"self":[{"href":"https:\/\/www.kdhukuk.com\/de\/wp-json\/wp\/v2\/pages\/1380","targetHints":{"allow":["GET"]}}],"collection":[{"href":"https:\/\/www.kdhukuk.com\/de\/wp-json\/wp\/v2\/pages"}],"about":[{"href":"https:\/\/www.kdhukuk.com\/de\/wp-json\/wp\/v2\/types\/page"}],"author":[{"embeddable":true,"href":"https:\/\/www.kdhukuk.com\/de\/wp-json\/wp\/v2\/users\/1"}],"replies":[{"embeddable":true,"href":"https:\/\/www.kdhukuk.com\/de\/wp-json\/wp\/v2\/comments?post=1380"}],"version-history":[{"count":0,"href":"https:\/\/www.kdhukuk.com\/de\/wp-json\/wp\/v2\/pages\/1380\/revisions"}],"wp:attachment":[{"href":"https:\/\/www.kdhukuk.com\/de\/wp-json\/wp\/v2\/media?parent=1380"}],"curies":[{"name":"wp","href":"https:\/\/api.w.org\/{rel}","templated":true}]}}