{"id":1376,"date":"2015-12-22T05:19:24","date_gmt":"2015-12-22T03:19:24","guid":{"rendered":"https:\/\/www.kdhukuk.com\/de\/?page_id=1376"},"modified":"2016-05-03T02:16:22","modified_gmt":"2016-05-02T23:16:22","slug":"wirtschafts-gesellschaftsrecht","status":"publish","type":"page","link":"https:\/\/www.kdhukuk.com\/de\/wirtschafts-gesellschaftsrecht\/","title":{"rendered":"Wirtschafts- &#038; Gesellschaftsrecht"},"content":{"rendered":"<h1 style=\"text-align: justify;\">Wirtschafts- &amp; Gesellschaftsrecht<\/h1>\n<p style=\"text-align: justify;\">K&amp;D Anwaltskanzlei ber\u00e4t und betreut durch ihre Jahre lange Erfahrung Handelsgesellschaften im Bereich des Handelsrechts.<\/p>\n<p style=\"text-align: justify;\">-Verfahren bei Unternehmensgr\u00fcndungen einschlie\u00dflich der Aktingesellschaft, Geselllschaft mit beschr\u00e4nkter Haftung und anderen Unternehmensformen<\/p>\n<p style=\"text-align: justify;\">&#8211; Verfahren von Versammlungen und Entscheidungen der Hauptversammlung und Aufsichtsrat<\/p>\n<p style=\"text-align: justify;\">&#8211; Erh\u00f6hung und Reduzierung von Einlagen und Schadensersatzanspr\u00fcche von Gesellschafter im Fall der Einlagenerh\u00f6hung<\/p>\n<p style=\"text-align: justify;\">&#8211; Fusion und \u00dcbernahmen<\/p>\n<p style=\"text-align: justify;\">&#8211; Vertragsgestaltung und Probleml\u00f6sungen bei Vertragsverletzungen<\/p>\n<p style=\"text-align: justify;\">&#8211; Aufnahme der T\u00e4tigkeit bei ausstehenden Forderungen, Auswertung aller Verm\u00f6genswerte des Schuldners, Verpf\u00e4ndung der Verm\u00f6genspositionen, Ver\u00e4u\u00dferung des Verm\u00f6gens des Schuldners und schlie\u00dflich die Einziehung von Forderungen<\/p>\n<p style=\"text-align: justify;\">&#8211; Wertpapiergesch\u00e4fte<\/p>\n<p style=\"text-align: justify;\">&#8211; Erstellung von Arbeitsvertr\u00e4ge zwischen Arbeitgeber und Arbeitnehmer<\/p>\n<p style=\"text-align: justify;\">&#8211; Insolvenz- und Aufl\u00f6sungsvefahren<\/p>\n","protected":false},"excerpt":{"rendered":"<p>Wirtschafts- &amp; Gesellschaftsrecht K&amp;D Anwaltskanzlei ber\u00e4t und betreut durch ihre Jahre lange Erfahrung Handelsgesellschaften im Bereich des Handelsrechts. -Verfahren bei Unternehmensgr\u00fcndungen einschlie\u00dflich der Aktingesellschaft, Geselllschaft mit beschr\u00e4nkter Haftung und anderen Unternehmensformen &#8211; Verfahren von Versammlungen und Entscheidungen der Hauptversammlung und Aufsichtsrat &#8211; Erh\u00f6hung und Reduzierung von Einlagen und Schadensersatzanspr\u00fcche von Gesellschafter im Fall der Einlagenerh\u00f6hung [&hellip;]<\/p>\n","protected":false},"author":1,"featured_media":0,"parent":0,"menu_order":0,"comment_status":"closed","ping_status":"closed","template":"","meta":{"footnotes":""},"class_list":["post-1376","page","type-page","status-publish","hentry"],"aioseo_notices":[],"_links":{"self":[{"href":"https:\/\/www.kdhukuk.com\/de\/wp-json\/wp\/v2\/pages\/1376","targetHints":{"allow":["GET"]}}],"collection":[{"href":"https:\/\/www.kdhukuk.com\/de\/wp-json\/wp\/v2\/pages"}],"about":[{"href":"https:\/\/www.kdhukuk.com\/de\/wp-json\/wp\/v2\/types\/page"}],"author":[{"embeddable":true,"href":"https:\/\/www.kdhukuk.com\/de\/wp-json\/wp\/v2\/users\/1"}],"replies":[{"embeddable":true,"href":"https:\/\/www.kdhukuk.com\/de\/wp-json\/wp\/v2\/comments?post=1376"}],"version-history":[{"count":0,"href":"https:\/\/www.kdhukuk.com\/de\/wp-json\/wp\/v2\/pages\/1376\/revisions"}],"wp:attachment":[{"href":"https:\/\/www.kdhukuk.com\/de\/wp-json\/wp\/v2\/media?parent=1376"}],"curies":[{"name":"wp","href":"https:\/\/api.w.org\/{rel}","templated":true}]}}