{"id":1374,"date":"2015-12-22T05:16:06","date_gmt":"2015-12-22T03:16:06","guid":{"rendered":"https:\/\/www.kdhukuk.com\/de\/?page_id=1374"},"modified":"2016-03-25T09:21:50","modified_gmt":"2016-03-25T07:21:50","slug":"vertraege","status":"publish","type":"page","link":"https:\/\/www.kdhukuk.com\/de\/vertraege\/","title":{"rendered":"Vertr\u00e4ge"},"content":{"rendered":"<h1>Rechtsanwalt f\u00fcr Vertr\u00e4ge<\/h1>\n<p style=\"text-align: justify;\">K&#038;D Anwaltskanzlei in Istanbul, T\u00fcrkei und ihre erfahrenen Rechtsanw\u00e4lte f\u00fcr Vertr\u00e4ge bietet rechtliche Beratung um die beste L\u00f6sung zu finden. K&#038;D Anwaltskanzlei ber\u00e4t und betreut aufgrund langj\u00e4hriger Erfahrung ihre Clienten auf dem Gebiet des Vertragsrechts einschlie\u00dflich Handelsvertr\u00e4ge, Darlehensvertr\u00e4ge, Versicherungsvertr\u00e4ge, Mietvertr\u00e4ge, Arbeitsvertr\u00e4ge, Rechtsmittel bei Vertragsbr\u00fcche, Verfahren zur Vertragsaufl\u00f6sung.<\/p>\n<p style=\"text-align: justify;\">&#8211; Vertragsverhandlung, Erreichen einer einvernehmlichen Vereinbarung und Vertragsunterzeichnung<\/p>\n<p style=\"text-align: justify;\">&#8211; Geltendmachung von Schadensersatzanspr\u00fcchen bei Vertragsstrafen<\/p>\n<p style=\"text-align: justify;\">&#8211; Vertragsaufl\u00f6sungen<\/p>\n<p style=\"text-align: justify;\">&#8211; Geltendmachung von Mietschulden und Zwangsr\u00e4umung der Mietwohnung<\/p>\n<p style=\"text-align: justify;\">&#8211; Geltendmachung von Versicherungsleistungen bez\u00fcglich des vereinbarten Versicherungsvertrags<\/p>\n<p style=\"text-align: justify;\">&#8211; Schadensersatzforderung bei ungerechtfertigter Entlassung einschlie\u00dflich Abfindungszahlung, Zahlung bei Nichteinhaltung der K\u00fcndigungsfrist, \u00dcberstundenlohn, Zahlung f\u00fcr nicht genommenen Jahresurlaub, Urlaubsabgeltung<\/p>\n<p style=\"text-align: justify;\">&#8211; Kauf- und Verkaufsabwicklung von Grundst\u00fccken und Abwicklung von \u00dcbertragungsrechte an Grundst\u00fccken<\/p>\n<p style=\"text-align: justify;\">&#8211; Geltendmachung von R\u00fcckerstattungen, kostenlose Reparatur oder Austausch mit vertretbarer Ware im Bereich der Verbrauchervertr\u00e4ge<\/p>\n","protected":false},"excerpt":{"rendered":"<p>Rechtsanwalt f\u00fcr Vertr\u00e4ge K&#038;D Anwaltskanzlei in Istanbul, T\u00fcrkei und ihre erfahrenen Rechtsanw\u00e4lte f\u00fcr Vertr\u00e4ge bietet rechtliche Beratung um die beste L\u00f6sung zu finden. K&#038;D Anwaltskanzlei ber\u00e4t und betreut aufgrund langj\u00e4hriger Erfahrung ihre Clienten auf dem Gebiet des Vertragsrechts einschlie\u00dflich Handelsvertr\u00e4ge, Darlehensvertr\u00e4ge, Versicherungsvertr\u00e4ge, Mietvertr\u00e4ge, Arbeitsvertr\u00e4ge, Rechtsmittel bei Vertragsbr\u00fcche, Verfahren zur Vertragsaufl\u00f6sung. &#8211; Vertragsverhandlung, Erreichen einer einvernehmlichen [&hellip;]<\/p>\n","protected":false},"author":1,"featured_media":0,"parent":0,"menu_order":0,"comment_status":"closed","ping_status":"closed","template":"","meta":{"footnotes":""},"class_list":["post-1374","page","type-page","status-publish","hentry"],"aioseo_notices":[],"_links":{"self":[{"href":"https:\/\/www.kdhukuk.com\/de\/wp-json\/wp\/v2\/pages\/1374","targetHints":{"allow":["GET"]}}],"collection":[{"href":"https:\/\/www.kdhukuk.com\/de\/wp-json\/wp\/v2\/pages"}],"about":[{"href":"https:\/\/www.kdhukuk.com\/de\/wp-json\/wp\/v2\/types\/page"}],"author":[{"embeddable":true,"href":"https:\/\/www.kdhukuk.com\/de\/wp-json\/wp\/v2\/users\/1"}],"replies":[{"embeddable":true,"href":"https:\/\/www.kdhukuk.com\/de\/wp-json\/wp\/v2\/comments?post=1374"}],"version-history":[{"count":0,"href":"https:\/\/www.kdhukuk.com\/de\/wp-json\/wp\/v2\/pages\/1374\/revisions"}],"wp:attachment":[{"href":"https:\/\/www.kdhukuk.com\/de\/wp-json\/wp\/v2\/media?parent=1374"}],"curies":[{"name":"wp","href":"https:\/\/api.w.org\/{rel}","templated":true}]}}