{"id":1372,"date":"2015-12-22T05:14:25","date_gmt":"2015-12-22T03:14:25","guid":{"rendered":"https:\/\/www.kdhukuk.com\/de\/?page_id=1372"},"modified":"2016-03-25T09:21:59","modified_gmt":"2016-03-25T07:21:59","slug":"steuerrecht","status":"publish","type":"page","link":"https:\/\/www.kdhukuk.com\/de\/steuerrecht\/","title":{"rendered":"Steuerrecht"},"content":{"rendered":"<h1>Rechtsanwalt f\u00fcr Steuerrecht<\/h1>\n<p style=\"text-align: justify;\">K&#038;D Anwaltskanzlei in Istanbul, T\u00fcrkei und ihre erfahrenen Rechtsanw\u00e4lte f\u00fcr Steuerrecht bietet rechtliche Beratung um die beste L\u00f6sung zu finden. K&#038;D Anwaltskanzlei bietet aufgrund ihrer besonderen Erfahrung rechtliche Beratung und Betreuung f\u00fcr ihre Clienten im Bereich des Steuerrechts einschlie\u00dflich Schlichtung mit der Steuerverwaltung, Klageer\u00f6ffnung im Falle einer Nicht-Einigung, Verfahren wegen Steuerverlust und Steuerstrafen<\/p>\n<p style=\"text-align: justify;\">&#8211; Probleml\u00f6sung bei Einkommenssteuer, Umsatzsteuer, K\u00f6rperschaftssteuer, Kfz-Steuer, etc.<\/p>\n<p style=\"text-align: justify;\">&#8211; Durchf\u00fchrung von Schlichtungsverfahren mit der Verwaltung bez\u00fcglich Steuerschulden und Steuerstrafen und Gerichtsverfahren bei Nicht-Einigung<\/p>\n<p style=\"text-align: justify;\">&#8211; Rechtsstreitigkeiten von Amts wegen beiausgef\u00fchrten Steuerbescheide durch die Verwaltung<\/p>\n<p style=\"text-align: justify;\">&#8211; Falschangaben bei der Einkommenserkl\u00e4rung<\/p>\n","protected":false},"excerpt":{"rendered":"<p>Rechtsanwalt f\u00fcr Steuerrecht K&#038;D Anwaltskanzlei in Istanbul, T\u00fcrkei und ihre erfahrenen Rechtsanw\u00e4lte f\u00fcr Steuerrecht bietet rechtliche Beratung um die beste L\u00f6sung zu finden. K&#038;D Anwaltskanzlei bietet aufgrund ihrer besonderen Erfahrung rechtliche Beratung und Betreuung f\u00fcr ihre Clienten im Bereich des Steuerrechts einschlie\u00dflich Schlichtung mit der Steuerverwaltung, Klageer\u00f6ffnung im Falle einer Nicht-Einigung, Verfahren wegen Steuerverlust und [&hellip;]<\/p>\n","protected":false},"author":1,"featured_media":0,"parent":0,"menu_order":0,"comment_status":"closed","ping_status":"closed","template":"","meta":{"footnotes":""},"class_list":["post-1372","page","type-page","status-publish","hentry"],"aioseo_notices":[],"_links":{"self":[{"href":"https:\/\/www.kdhukuk.com\/de\/wp-json\/wp\/v2\/pages\/1372","targetHints":{"allow":["GET"]}}],"collection":[{"href":"https:\/\/www.kdhukuk.com\/de\/wp-json\/wp\/v2\/pages"}],"about":[{"href":"https:\/\/www.kdhukuk.com\/de\/wp-json\/wp\/v2\/types\/page"}],"author":[{"embeddable":true,"href":"https:\/\/www.kdhukuk.com\/de\/wp-json\/wp\/v2\/users\/1"}],"replies":[{"embeddable":true,"href":"https:\/\/www.kdhukuk.com\/de\/wp-json\/wp\/v2\/comments?post=1372"}],"version-history":[{"count":0,"href":"https:\/\/www.kdhukuk.com\/de\/wp-json\/wp\/v2\/pages\/1372\/revisions"}],"wp:attachment":[{"href":"https:\/\/www.kdhukuk.com\/de\/wp-json\/wp\/v2\/media?parent=1372"}],"curies":[{"name":"wp","href":"https:\/\/api.w.org\/{rel}","templated":true}]}}