{"id":1370,"date":"2015-12-22T05:13:10","date_gmt":"2015-12-22T03:13:10","guid":{"rendered":"https:\/\/www.kdhukuk.com\/de\/?page_id=1370"},"modified":"2016-03-25T09:22:06","modified_gmt":"2016-03-25T07:22:06","slug":"verbraucherrecht","status":"publish","type":"page","link":"https:\/\/www.kdhukuk.com\/de\/verbraucherrecht\/","title":{"rendered":"Verbraucherrecht"},"content":{"rendered":"<h1>Rechtsanwalt f\u00fcr Verbraucherrecht<\/h1>\n<p style=\"text-align: justify;\">K&#038;D Anwaltskanzlei in Istanbul, T\u00fcrkei und ihre erfahrenen Rechtsanw\u00e4lte f\u00fcr Verbraucherrecht bietet rechtliche Beratung um die beste L\u00f6sung zu finden. K&#038;D Anwaltskanzlei ber\u00e4t und betreutaufgrund ihrer langj\u00e4hriger Erfahrung Verbraucher, Hersteller und Verk\u00e4ufer im Falle einer mangelhaften Lieferungoder Schlechtleistung, Schadensersatzforderungen des Verbrauchers vor der Schiedskommission f\u00fcr Verbraucherfragen und Verbraucherschutz<\/p>\n<p style=\"text-align: justify;\">&#8211; Geltendmachung von R\u00fcckzahlungen, kostenlose Reparatur oder Austausch mit vertretbarer Ware<\/p>\n<p style=\"text-align: justify;\">&#8211; Zur\u00fcckforderung unrechtm\u00e4\u00dfiger Umschuldungsgeb\u00fchren als Teil des Darlehensvertrags<\/p>\n<p style=\"text-align: justify;\">&#8211; Zur\u00fcckforderung unrechtm\u00e4\u00dfiger Bearbeitungsgeb\u00fchr bei Kreditkarten<\/p>\n<p style=\"text-align: justify;\">&#8211; Geltendmachung von Schadensersatzanspr\u00fcche die wegen mangelhafter Ware oder Schlechtleistung entstanden sind<\/p>\n<p style=\"text-align: justify;\">&#8211; Streitigkeiten im Bereich der Fernabsatzvertr\u00e4ge<\/p>\n","protected":false},"excerpt":{"rendered":"<p>Rechtsanwalt f\u00fcr Verbraucherrecht K&#038;D Anwaltskanzlei in Istanbul, T\u00fcrkei und ihre erfahrenen Rechtsanw\u00e4lte f\u00fcr Verbraucherrecht bietet rechtliche Beratung um die beste L\u00f6sung zu finden. K&#038;D Anwaltskanzlei ber\u00e4t und betreutaufgrund ihrer langj\u00e4hriger Erfahrung Verbraucher, Hersteller und Verk\u00e4ufer im Falle einer mangelhaften Lieferungoder Schlechtleistung, Schadensersatzforderungen des Verbrauchers vor der Schiedskommission f\u00fcr Verbraucherfragen und Verbraucherschutz &#8211; Geltendmachung von R\u00fcckzahlungen, [&hellip;]<\/p>\n","protected":false},"author":1,"featured_media":0,"parent":0,"menu_order":0,"comment_status":"closed","ping_status":"closed","template":"","meta":{"footnotes":""},"class_list":["post-1370","page","type-page","status-publish","hentry"],"aioseo_notices":[],"_links":{"self":[{"href":"https:\/\/www.kdhukuk.com\/de\/wp-json\/wp\/v2\/pages\/1370","targetHints":{"allow":["GET"]}}],"collection":[{"href":"https:\/\/www.kdhukuk.com\/de\/wp-json\/wp\/v2\/pages"}],"about":[{"href":"https:\/\/www.kdhukuk.com\/de\/wp-json\/wp\/v2\/types\/page"}],"author":[{"embeddable":true,"href":"https:\/\/www.kdhukuk.com\/de\/wp-json\/wp\/v2\/users\/1"}],"replies":[{"embeddable":true,"href":"https:\/\/www.kdhukuk.com\/de\/wp-json\/wp\/v2\/comments?post=1370"}],"version-history":[{"count":0,"href":"https:\/\/www.kdhukuk.com\/de\/wp-json\/wp\/v2\/pages\/1370\/revisions"}],"wp:attachment":[{"href":"https:\/\/www.kdhukuk.com\/de\/wp-json\/wp\/v2\/media?parent=1370"}],"curies":[{"name":"wp","href":"https:\/\/api.w.org\/{rel}","templated":true}]}}