{"id":1368,"date":"2015-12-22T05:10:01","date_gmt":"2015-12-22T03:10:01","guid":{"rendered":"https:\/\/www.kdhukuk.com\/de\/?page_id=1368"},"modified":"2016-03-19T22:54:55","modified_gmt":"2016-03-19T20:54:55","slug":"anwaltskanzlei","status":"publish","type":"page","link":"https:\/\/www.kdhukuk.com\/de\/","title":{"rendered":"K&#038;D Anwaltskanzlei &#8211; Istanbul, T\u00fcrkei"},"content":{"rendered":"<h1 style=\"text-align: center;\"><\/h1>\n<h1 style=\"text-align: center;\"><strong>K&amp;D ANWALTSKANZLEI \u2013 Istanbul, T\u00dcRKEI<\/strong><\/h1>\n<p style=\"text-align: justify;\">Die in verschiedensten Rechtsgebieten erfahrenen Rechtsanw\u00e4lte der K&amp;D Anwaltskanzlei in Istanbul, T\u00fcrkei bieten rechtliche Dienstleistungen um die bestm\u00f6gliche L\u00f6sung zu erreichen. Unsere Anw\u00e4lte bei K&amp;D Anwaltskanzlei haben sich in ihrer langj\u00e4hrigen T\u00e4tigkeit ein umfassendes Verst\u00e4ndnis \u00fcber allerlei Rechtsfragen verschiedenster Rechtsgebiete erworben und konnten somit viele Rechtstreitigkeiten erfolgreich abschlie\u00dfen. Dieses Wissen und Erfahrung nutzen unsere Anw\u00e4lte um unseren Clienten die effizienteste, versierteste Probleml\u00f6sung anzubieten und damit das gew\u00fcnschte Ergebnis zu erzielen. K&amp;D ist sich bewusst, dass der Informationsaustausch zwischen Anw\u00e4lten und Clienten immenz wichtig ist und strebt daher eine langfristige auf Vertrauen basierende Beziehung zu seinen Mandanten an. Der Mandant wird regelm\u00e4\u00dfig in jeder Phase des rechtlichen Verfahrens \u00fcber das ad\u00e4quateste Rechtsmittel informiert.<\/p>\n<h2 style=\"text-align: center;\"><strong>UNSERE DIENSTLEISTUNGEN BEI DER K&amp;D KANZLEI<\/strong><\/h2>\n<p style=\"text-align: justify;\">K&amp;D Anwaltskanzlei die von den Rechtsanw\u00e4ltinnen Ezgi Kumas und Elif Dokuz gegr\u00fcndet wurde, ist in der Rechtsanwaltskammer Istanbul registriert. Die K&amp;D Anwaltskanzlei bietet rechtliche Dienstleistungen zu einheimischen wie ausl\u00e4ndischen B\u00fcrgern oder Unternehmen in deutscher, englischer und t\u00fcrkischer Sprache an. Die wesentlichen T\u00e4tigkeitsbereiche sind Wettbewerbsrecht, Wirtschafts- und Gesellschaftsrecht, Verbraucherrecht, Vertr\u00e4ge, Strafrecht, Scheidungsrecht, Zwangsvollstreckung und Konkursrecht, Versicherungsrecht, Immaterialg\u00fcterrecht, IT-Recht, Arbeits- und Sozialversicherungsrecht, Grundst\u00fccks- und Immobilienrecht, Steuerrecht, Erbrecht, Arbeitserlaubnis und Aufenthaltsgenehmigung.<\/p>\n<h3 style=\"text-align: center;\"><strong>RECHTLICHE BERATUNG<\/strong><\/h3>\n<p style=\"text-align: justify;\">Unsere Anw\u00e4lte beraten unsere ausl\u00e4ndischen Clienten in einer gro\u00dfen Bandbreite verschiedenster Problemfelder. Den Umst\u00e4nden entsprechend beraten unsere Anw\u00e4lte Sie pers\u00f6nlich, telefonisch, via E-Mail oder per Videokonferenz.<\/p>\n<h3 style=\"text-align: center;\"><strong>ZIVILPROZESS<\/strong><\/h3>\n<p style=\"text-align: justify;\">Wir unterst\u00fctzen unsere Clienten bei Zivilprozessen oder Streitbeilegungen die sich im Verlaufe von Handelsgesch\u00e4ften oder sonstigen Gesch\u00e4ften zwischen Unternehmen oder zwischen Unternehmen und Privatleuten ereignen. Unsere Rechtsanw\u00e4lte bei der K&amp;D Kanzlei sind kommunikativ und verhandlungsstark, aufgrund ihres akademischen Hintergrunds sind sie in der Lage die Interessen des Mandanten zu seinen Gunsten zu entscheiden. Wir sind Prozessanw\u00e4lte und vertreten unsere Mandanten bei allen Angelegenheiten, die vor Gericht entstehen. K&amp;D Anwaltskanzlei und ihre erfahrenen Prozessanw\u00e4lte sind \u00fcberzeugt, dass Wissen, harte Arbeit, Ehrgeiz und Beharrlichkeit unabdingbar sind, um effektive, erfolgreiche und schnelle Ergebnisse zu Gunsten des Mandanten zu erzielen. K&amp;D Anwaltskanzlei bietet praktische, innovative und kreative rechtliche L\u00f6sungen.<\/p>\n<p style=\"text-align: justify;\">K&amp;D Anwaltskanzlei in Istanbul, T\u00fcrkei f\u00fchrt ihre Leistungen gem\u00e4\u00df der nationalen Gesetzgebung, richterlichen Rechtsprechung und wissenschaftlichen Studien, sowie nach EU Recht und V\u00f6lkerrecht, durch.<\/p>\n","protected":false},"excerpt":{"rendered":"<p>K&amp;D ANWALTSKANZLEI \u2013 Istanbul, T\u00dcRKEI Die in verschiedensten Rechtsgebieten erfahrenen Rechtsanw\u00e4lte der K&amp;D Anwaltskanzlei in Istanbul, T\u00fcrkei bieten rechtliche Dienstleistungen um die bestm\u00f6gliche L\u00f6sung zu erreichen. Unsere Anw\u00e4lte bei K&amp;D Anwaltskanzlei haben sich in ihrer langj\u00e4hrigen T\u00e4tigkeit ein umfassendes Verst\u00e4ndnis \u00fcber allerlei Rechtsfragen verschiedenster Rechtsgebiete erworben und konnten somit viele Rechtstreitigkeiten erfolgreich abschlie\u00dfen. Dieses Wissen [&hellip;]<\/p>\n","protected":false},"author":1,"featured_media":0,"parent":0,"menu_order":0,"comment_status":"closed","ping_status":"closed","template":"","meta":{"footnotes":""},"class_list":["post-1368","page","type-page","status-publish","hentry"],"aioseo_notices":[],"_links":{"self":[{"href":"https:\/\/www.kdhukuk.com\/de\/wp-json\/wp\/v2\/pages\/1368","targetHints":{"allow":["GET"]}}],"collection":[{"href":"https:\/\/www.kdhukuk.com\/de\/wp-json\/wp\/v2\/pages"}],"about":[{"href":"https:\/\/www.kdhukuk.com\/de\/wp-json\/wp\/v2\/types\/page"}],"author":[{"embeddable":true,"href":"https:\/\/www.kdhukuk.com\/de\/wp-json\/wp\/v2\/users\/1"}],"replies":[{"embeddable":true,"href":"https:\/\/www.kdhukuk.com\/de\/wp-json\/wp\/v2\/comments?post=1368"}],"version-history":[{"count":0,"href":"https:\/\/www.kdhukuk.com\/de\/wp-json\/wp\/v2\/pages\/1368\/revisions"}],"wp:attachment":[{"href":"https:\/\/www.kdhukuk.com\/de\/wp-json\/wp\/v2\/media?parent=1368"}],"curies":[{"name":"wp","href":"https:\/\/api.w.org\/{rel}","templated":true}]}}